{"id":9,"date":"2020-09-10T14:16:30","date_gmt":"2020-09-10T14:16:30","guid":{"rendered":"http:\/\/www.kristalhacamat.com\/?page_id=9"},"modified":"2020-10-12T15:50:32","modified_gmt":"2020-10-12T15:50:32","slug":"blog","status":"publish","type":"page","link":"https:\/\/www.kristalhacamat.com\/?page_id=9","title":{"rendered":"hacamat nedir"},"content":{"rendered":"\n<div class=\"wp-block-image\"><figure class=\"alignleft size-large is-resized\"><img loading=\"lazy\" src=\"http:\/\/www.kristalhacamat.com\/wp-content\/uploads\/2020\/09\/hacamat-nedir.jpg\" alt=\"\" class=\"wp-image-191\" width=\"298\" height=\"175\" srcset=\"https:\/\/www.kristalhacamat.com\/wp-content\/uploads\/2020\/09\/hacamat-nedir.jpg 740w, https:\/\/www.kristalhacamat.com\/wp-content\/uploads\/2020\/09\/hacamat-nedir-300x176.jpg 300w\" sizes=\"(max-width: 298px) 100vw, 298px\" \/><\/figure><\/div>\n\n\n\n<p><strong>Kupa terapisi nedir?<\/strong><br>Bardak \u00e7ekme, kupa \u00e7ekme olarak bilinen kupa terapisi, k\u00fc\u00e7\u00fck bir kab\u0131n kullan\u0131m\u0131yla cildin y\u00fczeyine vakum olu\u015fturularak yap\u0131lan geleneksel bir tedavi \u015feklidir. Nispeten ucuzdur ve invaziv (giri\u015fimsel) de\u011fildir. G\u00fcn\u00fcm\u00fczde kupa terapisi, akupunktur noktalar\u0131na uygulanmaktad\u0131r.<\/p>\n\n\n\n<p>Genelde geleneksel \u00c7in T\u0131bb\u0131 ile ili\u015fkilendirilmesine ra\u011fmen, kupa terapisi y\u00fczy\u0131llar boyunca ayurveda t\u0131bb\u0131nda, Arap t\u0131bb\u0131nda (El-Hijama), M\u0131s\u0131r, Antik Yunan ve Roma \u015fifa uygulamalar\u0131nda kullan\u0131lm\u0131\u015ft\u0131r.<\/p>\n\n\n\n<p>Kupa terapisinin ilk kay\u0131tlar\u0131ndan biri, Han Hanedanl\u0131\u011f\u0131&#8217;n\u0131n mezar\u0131 i\u00e7inde bulunan eski bir kitap olan Bo Shu&#8217;da bulunmu\u015ftur. Bat\u0131 t\u0131bb\u0131n\u0131n \u00f6nc\u00fcleri say\u0131lan Galen ve Hippocrates de kupa terapisini kullanm\u0131\u015f ve te\u015fvik etmi\u015ftir.<\/p>\n\n\n\n<p>Kupa terapisi, kan ak\u0131\u015f\u0131n\u0131 harekete ge\u00e7irmek i\u00e7in k\u0131smi bir vakum olu\u015fturmak amac\u0131yla \u0131s\u0131t\u0131lm\u0131\u015f bir kapa\u011f\u0131n deriye uygulanmas\u0131yla olur.<\/p>\n\n\n\n<p>G\u00fcn\u00fcm\u00fczde art\u0131k cam bardaklar kullan\u0131lmaktad\u0131r, ancak daha eski zamanlarda bambu, metal veya topraktan yap\u0131lm\u0131\u015f bardaklar yayg\u0131n olarak kullan\u0131lmaktayd\u0131.<\/p>\n\n\n\n<p>Vakum, alkole bat\u0131r\u0131lm\u0131\u015f ve tutu\u015fturulmu\u015f bir pamuklu \u00e7ubu\u011fun bir kaba sokularak kab\u0131n \u0131s\u0131t\u0131lmas\u0131 ve i\u00e7indeki oksijenin al\u0131nmas\u0131yla cilde h\u0131zl\u0131ca kapat\u0131l\u0131r. Kupa cilde uygulan\u0131r (genellikle s\u0131rt ve omuzlar \u00fczerinde) ve kupa so\u011furken bir vakum olu\u015fur. Bir bak\u0131mdan, kupa terapisinin etki mekanizmalar\u0131 akupunktur ile \u00f6rt\u00fc\u015fmektedir.<\/p>\n\n\n\n<div class=\"wp-block-image\"><figure class=\"alignleft size-large is-resized\"><img loading=\"lazy\" src=\"http:\/\/www.kristalhacamat.com\/wp-content\/uploads\/2020\/09\/WhatsApp-Image-2020-09-02-at-19.23.01-1024x768.jpeg\" alt=\"\" class=\"wp-image-193\" width=\"278\" height=\"208\" srcset=\"https:\/\/www.kristalhacamat.com\/wp-content\/uploads\/2020\/09\/WhatsApp-Image-2020-09-02-at-19.23.01-1024x768.jpeg 1024w, https:\/\/www.kristalhacamat.com\/wp-content\/uploads\/2020\/09\/WhatsApp-Image-2020-09-02-at-19.23.01-300x225.jpeg 300w, https:\/\/www.kristalhacamat.com\/wp-content\/uploads\/2020\/09\/WhatsApp-Image-2020-09-02-at-19.23.01-768x576.jpeg 768w, https:\/\/www.kristalhacamat.com\/wp-content\/uploads\/2020\/09\/WhatsApp-Image-2020-09-02-at-19.23.01-1536x1152.jpeg 1536w, https:\/\/www.kristalhacamat.com\/wp-content\/uploads\/2020\/09\/WhatsApp-Image-2020-09-02-at-19.23.01.jpeg 1600w\" sizes=\"(max-width: 278px) 100vw, 278px\" \/><\/figure><\/div>\n\n\n\n<p><strong>Hacamat terapi nedir ?<\/strong> <br>Modern fizik teadvi y\u00f6ntemlerinden olan cupping(kupa)terapi son y\u0131llarda d\u00fcnyada ve \u00fclkemizde tamamlay\u0131c\u0131 ve geleneksel tedavi uygulamalar\u0131n dan birisi olarak pop\u00fcler olmu\u015ftur ve d\u00fcnyan\u0131n farkl\u0131 b\u00f6lgelerinde konvansiyonel tedaviye cevap vermeyen ya da kronik hastal\u0131klarda tamamlay\u0131c\u0131 tedavi olarak uygulanmaktad\u0131r.<br>Kupa tedavisi farkl\u0131 \u015fekillerde uygulanmakla birlikte temel olarak ya\u015f(hacamat) ve kuru kupa tedavisi olarak yap\u0131lmaktad\u0131r. Her iki uygulamada da kupalar negatif bas\u0131n\u00e7 olu\u015fturarak cilde yerle\u015ftirilmekte ve cilt alt\u0131nda extrasel\u00fcler alanda yeni oksijenli kan i\u00e7in yer a\u00e7maktad\u0131r .Ya\u015f kupa(hacamat) tedavisinde cilde \u00e7izikler at\u0131larak kan d\u0131\u015far\u0131 al\u0131nmaktad\u0131r.<\/p>\n\n\n\n<p><strong>B\u0130L\u0130MSEL ARA\u015eTIRMALARDA HACAMAT TEDAV\u0130S\u0130<\/strong><\/p>\n\n\n\n<p>Hacamat, hastal\u0131klar\u0131 \u00f6nleyici ve iyile\u015ftirici bir tedavi y\u00f6ntemidir. Kan dola\u015f\u0131m\u0131n\u0131 art\u0131rarak ba\u011f\u0131\u015f\u0131kl\u0131k sistemini g\u00fc\u00e7lendirir ve v\u00fccudun \u00e7e\u015fitli hastal\u0131klara kar\u015f\u0131 diren\u00e7li olmas\u0131n\u0131 sa\u011flar. Hastal\u0131klar\u0131n %60\u2019\u0131na sa\u011fl\u0131ks\u0131z kan dola\u015f\u0131m\u0131 neden olur. Yani hayati bir sistem i\u00e7in en do\u011fru \u00e7\u00f6z\u00fcm Hacamat\u2019t\u0131r. Damar t\u0131kan\u0131kl\u0131klar\u0131n\u0131 a\u015fmak i\u00e7in inan\u0131lmaz bir tedavi y\u00f6ntemidir. Bu mekanizma sayesinde toksinler ve metabolik at\u0131klar ortadan kalkt\u0131\u011f\u0131 i\u00e7in, \u00e7e\u015fitli hastal\u0131klar\u0131 tedavi etmek m\u00fcmk\u00fcn olur.<\/p>\n\n\n\n<p>Yurt d\u0131\u015f\u0131nda 300 olgu \u00fczerinde yap\u0131lan ara\u015ft\u0131rmalarda a\u015fa\u011f\u0131daki sonu\u00e7lara ula\u015f\u0131lm\u0131\u015ftir:<\/p>\n\n\n\n<p>**Y\u00fcksek kan bas\u0131nc\u0131 yani hipertansiyon olgularinda, kan bas\u0131nc\u0131 normale d\u00fc\u015ft\u00fc.<br>**D\u00fc\u015f\u00fck kan bas\u0131nc\u0131 yani hipotansiyon siz konusu oldu\u011funda, kan bas\u0131nc\u0131 normale y\u00fckseldi, tarama hacamati sanki v\u00fccudu resetledi.<br>**EKG de kalp ritminin d\u00fczenli aral\u0131kl\u0131 hale geldi\u011fi g\u00f6r\u00fcld\u00fc.<br>**Azalm\u0131\u015f kan ak\u0131m h\u0131z\u0131 normal hale geldi.<br>**K\u0131rm\u0131z\u0131 kan h\u00fccrelerinin say\u0131s\u0131 (eritrositler) normalle\u015fti.<br>**Kans\u0131zl\u0131k sonras\u0131nda, hemoglobin seviyeleri normale y\u00fckselmi\u015f, sonu\u00e7ta oksijen transfer aktivitesi ve etkinli\u011fi artm\u0131\u015ft\u0131r.<br>**Beyaz kan h\u00fccrelerinin az oldu\u011fu vakalarda %60 \u2018\u0131nda artm\u0131\u015f ve normal s\u0131n\u0131rlar i\u00e7inde kalm\u0131\u015ft\u0131r.<br>**Akci\u011fer hastal\u0131\u011f\u0131, romatizma ve kronik enfeksiyonu olan ki\u015filer de h\u0131zla iyile\u015fme g\u00f6r\u00fclm\u00fc\u015ft\u00fcr.<br>**Karaci\u011fer hasar\u0131 olan olgularda, karaci\u011fer enzimleri makul s\u0131n\u0131rlar i\u00e7ine girmi\u015ftir.<br>**Kan \u015fekeri y\u00fcksek olgular\u0131n, %83,75\u2019inde kan \u015fekeri d\u00fczeyi normale geldi.<br>**Kandaki urik asit miktar\u0131 vakalar\u0131n %66,66\u2019s\u0131nda d\u00fc\u015ft\u00fc.<br>**Kolestrol d\u00fczeyleri ve trigliserid ya\u011f d\u00fczeyleri %75 oran\u0131nda d\u00fc\u015ft\u00fc.<br>**Demir d\u00fczeyleri normal s\u0131n\u0131rlara geldi.<br>**Kandaki urik asit miktar\u0131, vakalar\u0131n %80\u2019inde d\u00fc\u015fm\u00fc\u015ft\u00fcr.<br>**LDH\u2019de olgular\u0131n %93,75\u2019i normale d\u00f6nd\u00fc.<\/p>\n\n\n\n<p><\/p>\n\n\n\n<p><strong>Hacamat\u0131n faydalar\u0131 nelerdir ?<\/strong><\/p>\n\n\n\n<p>Hacamat, v\u00fccudun d\u0131\u015far\u0131ya atamad\u0131\u011f\u0131 toksinlerin, a\u011f\u0131r metallerin, kullan\u0131lan ila\u00e7lar\u0131n ve hormonlu g\u0131dalar\u0131n v\u00fccutta b\u0131rakt\u0131\u011f\u0131 kal\u0131nt\u0131lar\u0131n temizlenmesine yard\u0131mc\u0131 oluyor.<br>Ba\u011f\u0131\u015f\u0131kl\u0131k sistemini g\u00fc\u00e7lendiriyor, v\u00fccut direncini art\u0131r\u0131yor.<br>\u00d6dem at\u0131m\u0131na yard\u0131mc\u0131 oluyor.<br>Kan \u00fcretimi ile g\u00f6revli organlar\u0131 uyar\u0131yor, beyin fonksiyonlar\u0131n\u0131 canland\u0131r\u0131yor.<br>Boyun ve bel f\u0131t\u0131\u011f\u0131, eklem a\u011fr\u0131lar\u0131, kalp, karaci\u011fer ve psikolojik hastal\u0131klar\u0131n tedavisine destek oluyor.<br>G\u00f6rme kabiliyetini art\u0131r\u0131yor. Unutkanl\u0131\u011f\u0131 ve dikkat eksikli\u011fini tedavi ediyor.<br>Damarlar\u0131 temizliyor, kolesterol\u00fc d\u00fc\u015f\u00fcr\u00fcyor.<br>K\u0131s\u0131rl\u0131k, \u00fcreme problemleri, cinsel zay\u0131fl\u0131k gibi sorunlar\u0131n tedavisinde kullan\u0131l\u0131yor.<\/p>\n\n\n\n<p><\/p>\n\n\n\n<p><strong>Hacamat nas\u0131l yap\u0131l\u0131r ?<\/strong><\/p>\n\n\n\n<p>Hacamat yap\u0131lacak b\u00f6lge belirlendikten sonra deri i\u011fne yard\u0131m\u0131 ile \u00e7ok minik delikler a\u00e7\u0131l\u0131r. Delik a\u00e7\u0131lan derinin \u00fczerine vakumlu bir bardak konularak kirli kandan ar\u0131nd\u0131r\u0131l\u0131yor. Hacamat kliniklerde oldu\u011fu kadar evde de yapt\u0131r\u0131labiliyor. Hacamat yapt\u0131rd\u0131\u011f\u0131n\u0131z ki\u015finin i\u015fin uzman\u0131 oldu\u011fundan emin olmay\u0131 sak\u0131n ihmal etmeyin.<\/p>\n\n\n\n<p><\/p>\n\n\n\n<p><strong>Ne zaman yap\u0131l\u0131r<\/strong> ?<\/p>\n\n\n\n<p>\u0130slami gelenekte kupa tedavisi Peygamber Hz. Muhammed (S.A.V.)\u2019in bir gelene\u011fi olarak kabul edilmektedir. Kupa tedavisi genel iyilik hali ve baz\u0131 \u00f6zel durumlar\u0131 tedavi etmek i\u00e7in \u00f6nerilmektedir. Bu \u00f6zel durumlarda kupa tedavisi uygulamas\u0131 i\u00e7in \u00f6zel bir g\u00fcn ya da zaman yoktur!!! ve gerekli oldu\u011fu zaman uygulanmaktad\u0131r.<br>Ancak genel iyilik hali i\u00e7in hicri ay\u0131n ikinci yar\u0131s\u0131ndaki \u201c\u00fc\u00e7 tekli g\u00fcnde\u201d yap\u0131lmas\u0131 uygun olmaktad\u0131r. Bununla ay\u0131n ikinci yar\u0131s\u0131ndaki tekli g\u00fcnlerde (15, 17 19, 21, 23, 25, 27. g\u00fcnler) yapt\u0131r\u0131lmas\u0131 da uygun olur.<br>Kupa tedavisinden \u00f6nce oru\u00e7 tutmaya, diyet uygulamaya ya da kan suland\u0131r\u0131c\u0131 ila\u00e7 hari\u00e7, ila\u00e7lar\u0131n kesilmesine gerek yoktur.<\/p>\n\n\n\n<p><\/p>\n\n\n\n<p><strong>Vucudun Hangi B\u00f6lgelerine Yap\u0131l\u0131r?<\/strong><\/p>\n\n\n\n<p>Genelde s\u0131rt b\u00f6lgesinden uygulama yap\u0131lsa da , yapt\u0131ran ki\u015finin hastal\u0131\u011f\u0131na, \u015fikayetine g\u00f6re ba\u015f b\u00f6lgesi ve v\u00fccudun di\u011fer akupunktur noktalar\u0131na da uygulanabilir. Ancak uygulama yap\u0131lacak b\u00f6lge doktor taraf\u0131ndan belirlenmelidir.<\/p>\n\n\n\n<p>Genllikle Hangi Hastal\u0131klara Uygulan\u0131r?<br>Ba\u011f\u0131\u015f\u0131kl\u0131k sistemi g\u00fc\u00e7s\u00fczl\u00fc\u011f\u00fc<br>Kronik yorgunluk(Halsizlik), Tembellik<br>K\u0131s\u0131rl\u0131k<br>Prostat ve Cinsel zay\u0131fl\u0131k<br>Hormon bozukluk<br>Yumurtal\u0131k hastal\u0131klar\u0131<br>Obezite<br>Ba\u015f a\u011fr\u0131s\u0131, migren<br>Hipertansiyon<br>\u015eeker Hastal\u0131\u011f\u0131<br>Ayak burkulmas\u0131 ve morarma<br>Kas-iskelet hastal\u0131klar\u0131 (bel a\u011fr\u0131s\u0131, boyun a\u011fr\u0131s\u0131 , omuz a\u011fr\u0131s\u0131, romatizma, osteoartrit)<\/p>\n\n\n\n<p><\/p>\n\n\n\n<p><strong>Hacamat\u0131 kimler yapt\u0131ramaz ?<\/strong><\/p>\n\n\n\n<p>Hacamat \u00e7ok faydal\u0131 bir tedavi y\u00f6ntemi olsa da uzmanlar herkesin yapt\u0131rmas\u0131n\u0131 do\u011fru bulmuyor. Kalp pili olanlar\u0131n, panik atan sorunu ya\u015fayanlar\u0131n, kan tutanlar\u0131n, kemoterapi g\u00f6renlerin, a\u015f\u0131r\u0131 heyecanl\u0131 olanlar\u0131n, organ nakli olanlar\u0131n ve hamilelerin hacamat yapt\u0131rmas\u0131 \u00f6nerilmiyor.<br>Ayr\u0131ca, Kanama bozuklu\u011fu hastal\u0131\u011f\u0131 olanlara, kans\u0131zl\u0131\u011f\u0131 olanlara, ileri evre kalp ve b\u00f6brek yetmezli\u011fi olanlara,kanser hastalar\u0131na,2 ya\u015f alt\u0131 ve 60 ya\u015f \u00fcst\u00fc insanlara ya\u015f kupa(hacamat)\u00f6nerilmemektedir<\/p>\n\n\n\n<p><\/p>\n\n\n\n<p><strong>Hacamat\u0131n zararlar\u0131 var m\u0131 ?<\/strong><\/p>\n\n\n\n<p>Hacamat bilin\u00e7siz ki\u015filer taraf\u0131ndan yanl\u0131\u015f tedavi \u015fekilleri ve hijyenik olmayan ortamlarda yap\u0131l\u0131rsa pek \u00e7ok sa\u011fl\u0131k sorunu ortaya \u00e7\u0131kabiliyor. Bunlardan baz\u0131lar\u0131 \u015f\u00f6yle s\u0131ralanabiliyor; cilt enfeksiyonlar\u0131, cilt yaralar\u0131 ve morluklar\u0131, a\u011fr\u0131 ve ac\u0131.<\/p>\n\n\n\n<p><\/p>\n\n\n\n<p><strong>Genel Etkileri Nelerdir ?<\/strong><\/p>\n\n\n\n<p>Kaslar\u0131m\u0131z\u0131 gev\u015fetir.<br>Manevi hayat\u0131m\u0131za renk katar.<br>V\u00fccudumuzun herhangi bir yerindeki hatta damarlardaki sertlikleri ge\u00e7irir.<br>T\u00fcm a\u011fr\u0131lar\u0131 k\u00f6k\u00fcnden keser (migren, bel boyun f\u0131t\u0131\u011f\u0131 gibi).<br>Uykusuzluk gecelerimize son verir birde sinirimizi yat\u0131\u015ft\u0131r\u0131r.<\/p>\n","protected":false},"excerpt":{"rendered":"<p>Kupa terapisi nedir?Bardak \u00e7ekme, kupa \u00e7ekme olarak bilinen kupa terapisi, k\u00fc\u00e7\u00fck bir kab\u0131n kullan\u0131m\u0131yla cildin y\u00fczeyine vakum olu\u015fturularak yap\u0131lan geleneksel bir tedavi \u015feklidir. Nispeten ucuzdur ve invaziv (giri\u015fimsel) de\u011fildir. G\u00fcn\u00fcm\u00fczde kupa terapisi, akupunktur noktalar\u0131na uygulanmaktad\u0131r. Genelde geleneksel \u00c7in T\u0131bb\u0131 ile ili\u015fkilendirilmesine ra\u011fmen, kupa terapisi y\u00fczy\u0131llar boyunca ayurveda t\u0131bb\u0131nda, Arap t\u0131bb\u0131nda (El-Hijama), M\u0131s\u0131r, Antik Yunan ve &hellip; <\/p>\n<div class=\"link-more\"><a href=\"https:\/\/www.kristalhacamat.com\/?page_id=9\" class=\"more-link\">Read More<span class=\"screen-reader-text\"> &#8220;hacamat nedir&#8221;<\/span><\/a><\/div>\n","protected":false},"author":1,"featured_media":0,"parent":0,"menu_order":0,"comment_status":"closed","ping_status":"closed","template":"","meta":[],"_links":{"self":[{"href":"https:\/\/www.kristalhacamat.com\/index.php?rest_route=\/wp\/v2\/pages\/9"}],"collection":[{"href":"https:\/\/www.kristalhacamat.com\/index.php?rest_route=\/wp\/v2\/pages"}],"about":[{"href":"https:\/\/www.kristalhacamat.com\/index.php?rest_route=\/wp\/v2\/types\/page"}],"author":[{"embeddable":true,"href":"https:\/\/www.kristalhacamat.com\/index.php?rest_route=\/wp\/v2\/users\/1"}],"replies":[{"embeddable":true,"href":"https:\/\/www.kristalhacamat.com\/index.php?rest_route=%2Fwp%2Fv2%2Fcomments&post=9"}],"version-history":[{"count":17,"href":"https:\/\/www.kristalhacamat.com\/index.php?rest_route=\/wp\/v2\/pages\/9\/revisions"}],"predecessor-version":[{"id":249,"href":"https:\/\/www.kristalhacamat.com\/index.php?rest_route=\/wp\/v2\/pages\/9\/revisions\/249"}],"wp:attachment":[{"href":"https:\/\/www.kristalhacamat.com\/index.php?rest_route=%2Fwp%2Fv2%2Fmedia&parent=9"}],"curies":[{"name":"wp","href":"https:\/\/api.w.org\/{rel}","templated":true}]}}