{"id":8,"date":"2020-09-10T14:16:30","date_gmt":"2020-09-10T14:16:30","guid":{"rendered":"http:\/\/www.kristalhacamat.com\/?page_id=8"},"modified":"2020-09-14T09:47:06","modified_gmt":"2020-09-14T09:47:06","slug":"bize-ulasin","status":"publish","type":"page","link":"https:\/\/www.kristalhacamat.com\/?page_id=8","title":{"rendered":"Bize Ula\u015f\u0131n"},"content":{"rendered":"\n<p><\/p>\n\n\n\n<p class=\"has-text-align-center has-medium-font-size\"><strong>Abdullah K\u00dc\u00c7\u00dcKAL\u0130O\u011eLU<\/strong><\/p>\n\n\n\n<p class=\"has-text-align-center has-medium-font-size\"><strong>+90 531 545 13 27<\/strong><\/p>\n\n\n\n<p class=\"has-text-align-center has-text-align-medium has-medium-font-size\"><strong>BAYANLARA \u00d6ZEL HACCAME<\/strong><\/p>\n\n\n\n<p class=\"has-text-align-center has-medium-font-size\"><strong>+90 505 519 11 01<\/strong><\/p>\n\n\n\n<p class=\"has-text-align-center\"><\/p>\n\n\n\n<div class=\"wp-block-columns\">\n<div class=\"wp-block-column\"><\/div>\n\n\n\n<div class=\"wp-block-column\">\n<iframe src=\"https:\/\/www.google.com\/maps\/embed?pb=!1m18!1m12!1m3!1d752.5516790878619!2d28.947775629223752!3d41.02073321053248!2m3!1f0!2f0!3f0!3m2!1i1024!2i768!4f13.1!3m3!1m2!1s0x14caba21e70376ff%3A0xae4d9cbf7b5b1ab8!2zQWxpIEt1xZ_Dp3UsIEZhdGloIENkLiBObzoxNSwgMzQwODMgRmF0aWgvxLBzdGFuYnVs!5e0!3m2!1str!2str!4v1600076891076!5m2!1str!2str\" width=\"345\" height=\"250\" frameborder=\"0\" style=\"border:0;\" allowfullscreen=\"\" aria-hidden=\"false\" tabindex=\"0\"><\/iframe>\n<\/div>\n\n\n\n<div class=\"wp-block-column\"><\/div>\n<\/div>\n","protected":false},"excerpt":{"rendered":"<p>Abdullah K\u00dc\u00c7\u00dcKAL\u0130O\u011eLU +90 531 545 13 27 BAYANLARA \u00d6ZEL HACCAME +90 505 519 11 01<\/p>\n","protected":false},"author":1,"featured_media":0,"parent":0,"menu_order":0,"comment_status":"closed","ping_status":"closed","template":"","meta":[],"_links":{"self":[{"href":"https:\/\/www.kristalhacamat.com\/index.php?rest_route=\/wp\/v2\/pages\/8"}],"collection":[{"href":"https:\/\/www.kristalhacamat.com\/index.php?rest_route=\/wp\/v2\/pages"}],"about":[{"href":"https:\/\/www.kristalhacamat.com\/index.php?rest_route=\/wp\/v2\/types\/page"}],"author":[{"embeddable":true,"href":"https:\/\/www.kristalhacamat.com\/index.php?rest_route=\/wp\/v2\/users\/1"}],"replies":[{"embeddable":true,"href":"https:\/\/www.kristalhacamat.com\/index.php?rest_route=%2Fwp%2Fv2%2Fcomments&post=8"}],"version-history":[{"count":31,"href":"https:\/\/www.kristalhacamat.com\/index.php?rest_route=\/wp\/v2\/pages\/8\/revisions"}],"predecessor-version":[{"id":232,"href":"https:\/\/www.kristalhacamat.com\/index.php?rest_route=\/wp\/v2\/pages\/8\/revisions\/232"}],"wp:attachment":[{"href":"https:\/\/www.kristalhacamat.com\/index.php?rest_route=%2Fwp%2Fv2%2Fmedia&parent=8"}],"curies":[{"name":"wp","href":"https:\/\/api.w.org\/{rel}","templated":true}]}}