{"id":2,"date":"2020-09-08T18:21:32","date_gmt":"2020-09-08T18:21:32","guid":{"rendered":"http:\/\/www.kristalhacamat.com\/?page_id=2"},"modified":"2020-09-14T10:04:58","modified_gmt":"2020-09-14T10:04:58","slug":"sample-page","status":"publish","type":"page","link":"https:\/\/www.kristalhacamat.com\/","title":{"rendered":""},"content":{"rendered":"\n<figure class=\"wp-block-gallery aligncenter columns-1 is-cropped\"><ul class=\"blocks-gallery-grid\"><li class=\"blocks-gallery-item\"><figure><img loading=\"lazy\" width=\"657\" height=\"239\" src=\"http:\/\/www.kristalhacamat.com\/wp-content\/uploads\/2020\/09\/KHWALL.jpeg\" alt=\"\" data-id=\"163\" data-full-url=\"http:\/\/www.kristalhacamat.com\/wp-content\/uploads\/2020\/09\/KHWALL.jpeg\" data-link=\"http:\/\/www.kristalhacamat.com\/?attachment_id=163\" class=\"wp-image-163\" srcset=\"https:\/\/www.kristalhacamat.com\/wp-content\/uploads\/2020\/09\/KHWALL.jpeg 657w, https:\/\/www.kristalhacamat.com\/wp-content\/uploads\/2020\/09\/KHWALL-300x109.jpeg 300w\" sizes=\"(max-width: 657px) 100vw, 657px\" \/><\/figure><\/li><\/ul><\/figure>\n\n\n\n<div class=\"wp-block-group\"><div class=\"wp-block-group__inner-container\">\n<div class=\"wp-block-group\"><div class=\"wp-block-group__inner-container\"><\/div><\/div>\n<\/div><\/div>\n\n\n\n<div class=\"wp-block-group\"><div class=\"wp-block-group__inner-container\">\n<div class=\"wp-block-columns are-vertically-aligned-top\">\n<div class=\"wp-block-column is-vertically-aligned-top\">\n<div class=\"wp-block-group\"><div class=\"wp-block-group__inner-container\">\n<div class=\"wp-block-group\"><div class=\"wp-block-group__inner-container\">\n<p><strong>Kupa Tedavisi <\/strong><\/p>\n\n\n\n<p class=\"has-small-font-size\">Bardak \u00e7ekme, kupa \u00e7ekme olarak bilinen kupa terapisi, k\u00fc\u00e7\u00fck bir kab\u0131n kullan\u0131m\u0131yla cildin y\u00fczeyine vakum olu\u015fturularak yap\u0131lan geleneksel bir tedavi \u015feklidir. Nispeten ucuzdur ve invaziv (giri\u015fimsel) de\u011fildir. G\u00fcn\u00fcm\u00fczde kupa terapisi, akupunktur noktalar\u0131na uygulanmaktad\u0131r.                                   <strong>                   <\/strong><\/p>\n<\/div><\/div>\n\n\n\n<p class=\"has-text-align-right has-normal-font-size\"><strong><a href=\"http:\/\/www.kristalhacamat.com\/?page_id=9\">Devam\u0131&#8230;<\/a><\/strong><\/p>\n<\/div><\/div>\n<\/div>\n\n\n\n<div class=\"wp-block-column is-vertically-aligned-top\">\n<p><strong>Hacamat Tedavisi<\/strong><\/p>\n\n\n\n<p style=\"font-size:12px\">Modern fizik teadvi y\u00f6ntemlerinden olan cupping(kupa)terapi son y\u0131llarda d\u00fcnyada ve \u00fclkemizde tamamlay\u0131c\u0131 ve geleneksel tedavi uygulamalar\u0131n dan birisi olarak pop\u00fcler olmu\u015ftur ve d\u00fcnyan\u0131n farkl\u0131 b\u00f6lgelerinde konvansiyonel tedaviye cevap vermeyen ya da kronik hastal\u0131klarda tamamlay\u0131c\u0131 tedavi olarak uygulanmaktad\u0131r.   <\/p>\n\n\n\n<p class=\"has-text-align-right has-normal-font-size\">                                <strong><a href=\"http:\/\/www.kristalhacamat.com\/?page_id=9\">Devam\u0131&#8230;<\/a><\/strong>   <strong> <\/strong><\/p>\n<\/div>\n<\/div>\n<\/div><\/div>\n\n\n\n<p><\/p>\n","protected":false},"excerpt":{"rendered":"","protected":false},"author":1,"featured_media":0,"parent":0,"menu_order":0,"comment_status":"closed","ping_status":"closed","template":"","meta":[],"_links":{"self":[{"href":"https:\/\/www.kristalhacamat.com\/index.php?rest_route=\/wp\/v2\/pages\/2"}],"collection":[{"href":"https:\/\/www.kristalhacamat.com\/index.php?rest_route=\/wp\/v2\/pages"}],"about":[{"href":"https:\/\/www.kristalhacamat.com\/index.php?rest_route=\/wp\/v2\/types\/page"}],"author":[{"embeddable":true,"href":"https:\/\/www.kristalhacamat.com\/index.php?rest_route=\/wp\/v2\/users\/1"}],"replies":[{"embeddable":true,"href":"https:\/\/www.kristalhacamat.com\/index.php?rest_route=%2Fwp%2Fv2%2Fcomments&post=2"}],"version-history":[{"count":60,"href":"https:\/\/www.kristalhacamat.com\/index.php?rest_route=\/wp\/v2\/pages\/2\/revisions"}],"predecessor-version":[{"id":246,"href":"https:\/\/www.kristalhacamat.com\/index.php?rest_route=\/wp\/v2\/pages\/2\/revisions\/246"}],"wp:attachment":[{"href":"https:\/\/www.kristalhacamat.com\/index.php?rest_route=%2Fwp%2Fv2%2Fmedia&parent=2"}],"curies":[{"name":"wp","href":"https:\/\/api.w.org\/{rel}","templated":true}]}}